{"id":22132,"date":"2017-06-28T11:17:04","date_gmt":"2017-06-28T09:17:04","guid":{"rendered":"http:\/\/localhost\/rumporter\/?page_id=22132\/"},"modified":"2019-03-05T09:36:41","modified_gmt":"2019-03-05T08:36:41","slug":"rumporter-version-espanola","status":"publish","type":"page","link":"https:\/\/rumporter.com\/es\/rumporter-version-espanola\/","title":{"rendered":"\u00a1Descargar la revista Rumporter!"},"content":{"rendered":"<div class=\"wpb-content-wrapper\">[vc_row][vc_column][vc_column_text]\nEl primer n\u00famero de Rumporter en espa\u00f1ol tiene como tema central un an\u00e1lisis sobre la materia prima del ron. \u00bfMelaza o jugo de ca\u00f1a? Trasladamos el debate a grandes expertos del sector que nos desvelan sus preferencias.<\/p>\n<p>Adem\u00e1s de las \u00faltimas novedades y notas de cata, os hablamos de un par de marcas que vienen a revolucionar el mercado y os preparamos cuatro versiones del Old Fashioned con algunas de nuestros rones favoritos. Viajamos a Panam\u00e1 con ron Abuelo y a Cuba a trav\u00e9s de nuestro dossier fotogr\u00e1fico. Tambi\u00e9n entrevistamos al mejor bartender con ron del a\u00f1o, Nando C\u00f3rdova, y os recomendamos diez locales para beber ron en Espa\u00f1a.<br \/>\n[\/vc_column_text][vc_column_text]\n<h3 style=\"text-align: center;\">Sumario<\/h3>\n[\/vc_column_text][\/vc_column][\/vc_row][vc_row][vc_column width=\u00bb1\/3&#8243;]<img decoding=\"async\" width=\"500\" height=\"707\" src=\"https:\/\/rumporter.com\/wp-content\/uploads\/2017\/06\/rumporter-espanol.jpg\" class=\"thb_image  left   attachment-full\" alt=\"\" title=\"rumporter-espanol\" srcset=\"https:\/\/rumporter.com\/wp-content\/uploads\/2017\/06\/rumporter-espanol.jpg 500w, https:\/\/rumporter.com\/wp-content\/uploads\/2017\/06\/rumporter-espanol-212x300.jpg 212w, https:\/\/rumporter.com\/wp-content\/uploads\/2017\/06\/rumporter-espanol-21x30.jpg 21w, https:\/\/rumporter.com\/wp-content\/uploads\/2017\/06\/rumporter-espanol-42x60.jpg 42w\" sizes=\"(max-width: 500px) 100vw, 500px\" \/>[\/vc_column][vc_column width=\u00bb2\/3&#8243;][vc_column_text]\n<p style=\"text-align: left;\"><strong>Destiler\u00eda<\/strong><br \/>\nRon Abuelo<\/p>\n<p><strong>A\u00a0debate <\/strong><\/p>\n<p>\u00bfMelaza o jugo de ca\u00f1a?<\/p>\n<p><strong>Portfolio <\/strong><\/p>\n<p>Cuba por J.P Lachougne<\/p>\n<p><strong>Cocteler\u00eda <\/strong><\/p>\n<p>Cuatro versiones del cl\u00e1sico Old Fashioned de ron<\/p>\n<p><strong>Entrevista <\/strong><\/p>\n<p>Mejor bartender de ron: Nando C\u00f3rdova<\/p>\n<p><strong>Notas de cata <\/strong><\/p>\n<p>Trois rivi\u00e8res \u00a0&amp; Appleton<\/p>\n<p><strong>Historia <\/strong><\/p>\n<p>El ron durante la prohibici\u00f3n en Estados Unidos (1920-1933)<\/p>\n<p>Bares y cocteler\u00edas los mejores locales para beber ron en espa\u00f1a, \u00a0tendencias : Nine Leaves &amp; Owney\u2019s, Opini\u00f3n Javier Herrera: un ron debe proceder al 100% de la ca\u00f1a de az\u00facar[\/vc_column_text][\/vc_column][\/vc_row]\n<\/div>","protected":false},"excerpt":{"rendered":"<p>[vc_row][vc_column][vc_column_text] El primer n\u00famero de Rumporter en espa\u00f1ol tiene como tema central un an\u00e1lisis sobre la materia prima del ron. \u00bfMelaza o jugo de ca\u00f1a? Trasladamos el debate a grandes expertos del sector que nos desvelan sus preferencias. Adem\u00e1s de las \u00faltimas novedades y notas de cata, os hablamos de un par de marcas que&hellip;<\/p>\n","protected":false},"author":1,"featured_media":22133,"parent":0,"menu_order":0,"comment_status":"closed","ping_status":"closed","template":"","meta":{"footnotes":""},"class_list":["post-22132","page","type-page","status-publish","has-post-thumbnail","hentry"],"_links":{"self":[{"href":"https:\/\/rumporter.com\/es\/wp-json\/wp\/v2\/pages\/22132","targetHints":{"allow":["GET"]}}],"collection":[{"href":"https:\/\/rumporter.com\/es\/wp-json\/wp\/v2\/pages"}],"about":[{"href":"https:\/\/rumporter.com\/es\/wp-json\/wp\/v2\/types\/page"}],"author":[{"embeddable":true,"href":"https:\/\/rumporter.com\/es\/wp-json\/wp\/v2\/users\/1"}],"replies":[{"embeddable":true,"href":"https:\/\/rumporter.com\/es\/wp-json\/wp\/v2\/comments?post=22132"}],"version-history":[{"count":0,"href":"https:\/\/rumporter.com\/es\/wp-json\/wp\/v2\/pages\/22132\/revisions"}],"wp:featuredmedia":[{"embeddable":true,"href":"https:\/\/rumporter.com\/es\/wp-json\/wp\/v2\/media\/22133"}],"wp:attachment":[{"href":"https:\/\/rumporter.com\/es\/wp-json\/wp\/v2\/media?parent=22132"}],"curies":[{"name":"wp","href":"https:\/\/api.w.org\/{rel}","templated":true}]}}